{"id":1504,"date":"2024-11-29T19:33:03","date_gmt":"2024-11-29T16:33:03","guid":{"rendered":"https:\/\/cloudops.com.tr\/about\/"},"modified":"2025-02-05T13:25:17","modified_gmt":"2025-02-05T10:25:17","slug":"hakkimizda","status":"publish","type":"page","link":"https:\/\/cloudops.com.tr\/en\/hakkimizda\/","title":{"rendered":"Hakk\u0131m\u0131zda"},"content":{"rendered":"<div class=\"wp-block-uagb-container uagb-block-c6fb2f5d alignfull uagb-is-root-container\"><div class=\"uagb-container-inner-blocks-wrap\">\n<div class=\"wp-block-uagb-advanced-heading uagb-block-63761f49\"><h1 class=\"uagb-heading-text\">Hakk\u0131m\u0131zda<\/h1><p class=\"uagb-desc-text\"><br>15+ y\u0131ll\u0131k sekt\u00f6r tecr\u00fcbemiz, uluslararas\u0131 proje deneyimlerimiz, tecr\u00fcbeli ve Huawei Cloud sertifikal\u0131 ekibimizle, sizin i\u00e7in bulut teknolojisini ve inovasyonu kolayla\u015ft\u0131r\u0131yoruz.<\/p><\/div>\n<\/div><\/div>\n\n\n\n<div class=\"wp-block-uagb-container uagb-layout-flex uagb-block-9fde49d6 alignfull uagb-is-root-container\"><div class=\"uagb-container-inner-blocks-wrap\">\n<div class=\"wp-block-uagb-container uagb-block-32b21dec\">\n<figure class=\"wp-block-image size-large is-resized\"><img loading=\"lazy\" decoding=\"async\" width=\"1024\" height=\"148\" src=\"https:\/\/cloudops.com.tr\/wp-content\/uploads\/2025\/01\/Huawei-Cloud-Partner-1-1024x148.png\" alt=\"\" class=\"wp-image-3323\" style=\"width:500px;height:auto\" srcset=\"https:\/\/cloudops.com.tr\/wp-content\/uploads\/2025\/01\/Huawei-Cloud-Partner-1-1024x148.png 1024w, https:\/\/cloudops.com.tr\/wp-content\/uploads\/2025\/01\/Huawei-Cloud-Partner-1-300x43.png 300w, https:\/\/cloudops.com.tr\/wp-content\/uploads\/2025\/01\/Huawei-Cloud-Partner-1-768x111.png 768w, https:\/\/cloudops.com.tr\/wp-content\/uploads\/2025\/01\/Huawei-Cloud-Partner-1.png 1232w\" sizes=\"auto, (max-width: 1024px) 100vw, 1024px\" \/><\/figure>\n<\/div>\n<\/div><\/div>\n\n\n\n<div class=\"wp-block-uagb-container uagb-block-krmr5fkw alignfull uagb-is-root-container\"><div class=\"uagb-container-inner-blocks-wrap\">\n<div class=\"wp-block-uagb-info-box uagb-block-gu2ctsjt uagb-infobox__content-wrap  uagb-infobox-icon-above-title uagb-infobox-image-valign-top\"><div class=\"uagb-ifb-content\"><div class=\"uagb-ifb-title-wrap\"><h2 class=\"uagb-ifb-title\">Hikayemiz<\/h2><\/div><\/div><\/div>\n\n\n\n<div class=\"wp-block-uagb-container uagb-block-cgfufore\">\n<div class=\"wp-block-uagb-info-box uagb-block-gl7igtwx uagb-infobox__content-wrap  uagb-infobox-icon-above-title uagb-infobox-image-valign-top\"><div class=\"uagb-ifb-content\"><div class=\"uagb-ifb-title-wrap\"><p class=\"uagb-ifb-title\">CloudOps olarak, <strong>Huawei Cloud Advanced Partner<\/strong>\u2019iyiz ve <strong><a href=\"https:\/\/www.cloudmetrik.com\/\">CloudMetrik Teknoloji A.\u015e.<\/a><\/strong>\u2019nin Huawei Cloud Sat\u0131\u015f ve Dan\u0131\u015fmanl\u0131k Hizmeti i\u00e7in \u00f6zelle\u015fmi\u015f markas\u0131y\u0131z.<br><br>Amac\u0131m\u0131z Huawei Cloud \u00e7\u00f6z\u00fcmleriyle m\u00fc\u015fterilerimizin dijital d\u00f6n\u00fc\u015f\u00fcm s\u00fcre\u00e7lerini h\u0131zland\u0131rarak, bulut teknolojisinin sundu\u011fu h\u0131z, esneklik ve maliyet avantajlar\u0131ndan tam anlam\u0131yla yararlanmalar\u0131n\u0131 sa\u011flamakt\u0131r. Dan\u0131\u015fmanl\u0131k hizmetlerimiz aras\u0131nda Cloud Ge\u00e7i\u015fi, Cloud Mimari Modernizasyonu, Cloud Maliyet ve Performans Optimizasyonu, Cloud G\u00fcvenlik \u0130yile\u015ftirmesi gibi kritik \u00e7\u00f6z\u00fcmler yer almaktad\u0131r.<br><br><a href=\"https:\/\/www.cloudmetrik.com\/\"><strong>CloudMetrik Teknoloji A.\u015e.<\/strong><\/a> olarak, 13 \u00fclkede, 5 y\u0131ldan fazla s\u00fcredir, k\u00fcresel \u00f6l\u00e7ekte m\u00fc\u015fterilerimize cloud implementasyon, dan\u0131\u015fmanl\u0131k ve e\u011fitim hizmetleri sa\u011fl\u0131yoruz. 15+ y\u0131ll\u0131k sekt\u00f6r tecr\u00fcbemiz, uluslararas\u0131 proje deneyimlerimiz, tecr\u00fcbeli ve Huawei Cloud sertifikal\u0131 ekibimizle i\u015finizi buluta ta\u015f\u0131yoruz ve y\u00f6netiyoruz.<br><br><\/p><\/div><\/div><\/div>\n\n\n\n<div class=\"wp-block-uagb-container uagb-block-cgap9c23\">\n<div class=\"wp-block-uagb-info-box uagb-block-r1clvkjy uagb-infobox__content-wrap  uagb-infobox-icon-left-title uagb-infobox-left uagb-infobox-image-valign-middle\"><div class=\"uagb-ifb-content\"><div class=\"uagb-ifb-left-title-image\"><div class=\"uagb-ifb-icon-wrap\"><svg xmlns=\"https:\/\/www.w3.org\/2000\/svg\" viewbox=\"0 0 448 512\"><path d=\"M438.6 105.4C451.1 117.9 451.1 138.1 438.6 150.6L182.6 406.6C170.1 419.1 149.9 419.1 137.4 406.6L9.372 278.6C-3.124 266.1-3.124 245.9 9.372 233.4C21.87 220.9 42.13 220.9 54.63 233.4L159.1 338.7L393.4 105.4C405.9 92.88 426.1 92.88 438.6 105.4H438.6z\"><\/path><\/svg><\/div><div class=\"uagb-ifb-title-wrap\"><p class=\"uagb-ifb-title\"><strong>Huawei Cloud Advanced Partner<\/strong><\/p><\/div><\/div><p class=\"uagb-ifb-desc\">Huawei Cloud ile g\u00fc\u00e7l\u00fc i\u015fbirli\u011fimiz sayesinde,<strong> <\/strong>i\u015fletmelere rekabet avantaj\u0131 sa\u011flayan yenilik\u00e7i ve g\u00fcvenilir bulut bili\u015fim hizmetleri sunuyoruz.<\/p><div class=\"uagb-ifb-separator\"><\/div><\/div><\/div>\n\n\n\n<div class=\"wp-block-uagb-info-box uagb-block-oyh3yya0 uagb-infobox__content-wrap  uagb-infobox-icon-left-title uagb-infobox-left uagb-infobox-image-valign-middle\"><div class=\"uagb-ifb-content\"><div class=\"uagb-ifb-left-title-image\"><div class=\"uagb-ifb-icon-wrap\"><svg xmlns=\"https:\/\/www.w3.org\/2000\/svg\" viewbox=\"0 0 448 512\"><path d=\"M438.6 105.4C451.1 117.9 451.1 138.1 438.6 150.6L182.6 406.6C170.1 419.1 149.9 419.1 137.4 406.6L9.372 278.6C-3.124 266.1-3.124 245.9 9.372 233.4C21.87 220.9 42.13 220.9 54.63 233.4L159.1 338.7L393.4 105.4C405.9 92.88 426.1 92.88 438.6 105.4H438.6z\"><\/path><\/svg><\/div><div class=\"uagb-ifb-title-wrap\"><p class=\"uagb-ifb-title\"><strong>15+ Y\u0131ll\u0131k Sekt\u00f6r Tecr\u00fcbesi<\/strong><\/p><\/div><\/div><p class=\"uagb-ifb-desc\">Uzun y\u0131llara dayanan tecr\u00fcbemiz ve uzmanl\u0131\u011f\u0131m\u0131zla, m\u00fc\u015fterilerimiz i\u00e7in bulut teknolojisini ve inovasyonu kolayla\u015ft\u0131r\u0131yoruz.<\/p><div class=\"uagb-ifb-separator\"><\/div><\/div><\/div>\n\n\n\n<div class=\"wp-block-uagb-info-box uagb-block-7cw0zrve uagb-infobox__content-wrap  uagb-infobox-icon-left-title uagb-infobox-left uagb-infobox-image-valign-middle\"><div class=\"uagb-ifb-content\"><div class=\"uagb-ifb-left-title-image\"><div class=\"uagb-ifb-icon-wrap\"><svg xmlns=\"https:\/\/www.w3.org\/2000\/svg\" viewbox=\"0 0 448 512\"><path d=\"M438.6 105.4C451.1 117.9 451.1 138.1 438.6 150.6L182.6 406.6C170.1 419.1 149.9 419.1 137.4 406.6L9.372 278.6C-3.124 266.1-3.124 245.9 9.372 233.4C21.87 220.9 42.13 220.9 54.63 233.4L159.1 338.7L393.4 105.4C405.9 92.88 426.1 92.88 438.6 105.4H438.6z\"><\/path><\/svg><\/div><div class=\"uagb-ifb-title-wrap\"><p class=\"uagb-ifb-title\"><strong>Y\u00fcksek Hizmet Kalitesi<\/strong><\/p><\/div><\/div><p class=\"uagb-ifb-desc\">M\u00fc\u015fterilerimizin ihtiya\u00e7lar\u0131n\u0131 dikkatle dinliyoruz, onlara \u00f6zel \u00e7\u00f6z\u00fcmler sunarak her ad\u0131mda g\u00fcven ve memnuniyet sa\u011fl\u0131yoruz.<\/p><div class=\"uagb-ifb-separator\"><\/div><\/div><\/div>\n<\/div>\n<\/div>\n<\/div><\/div>\n\n\n\n<div class=\"wp-block-uagb-container uagb-block-hsd5q3zg alignfull uagb-is-root-container\"><div class=\"uagb-container-inner-blocks-wrap\">\n<div class=\"wp-block-uagb-container uagb-block-2yd7mbk8\">\n<div class=\"wp-block-uagb-container uagb-block-srw2gljf\">\n<div class=\"wp-block-uagb-info-box uagb-block-z9dhji2z uagb-infobox__content-wrap  uagb-infobox-icon-above-title uagb-infobox-image-valign-top\"><div class=\"uagb-ifb-content\"><div class=\"uagb-ifb-title-wrap\"><h3 class=\"uagb-ifb-title\"><strong>50+<\/strong><br><strong>Cloud Projesi<\/strong><\/h3><\/div><\/div><\/div>\n<\/div>\n\n\n\n<div class=\"wp-block-uagb-container uagb-block-kx2rcfn9\">\n<div class=\"wp-block-uagb-info-box uagb-block-up2kz4ha uagb-infobox__content-wrap  uagb-infobox-icon-above-title uagb-infobox-image-valign-top\"><div class=\"uagb-ifb-content\"><div class=\"uagb-ifb-title-wrap\"><h3 class=\"uagb-ifb-title\"><strong>13+<\/strong><br><strong>\u00dclke<\/strong><\/h3><\/div><\/div><\/div>\n<\/div>\n\n\n\n<div class=\"wp-block-uagb-container uagb-block-psfb1wki\">\n<div class=\"wp-block-uagb-info-box uagb-block-wrh8xvyl uagb-infobox__content-wrap  uagb-infobox-icon-above-title uagb-infobox-image-valign-top\"><div class=\"uagb-ifb-content\"><div class=\"uagb-ifb-title-wrap\"><h3 class=\"uagb-ifb-title\"><strong>30+<\/strong><br><strong>M\u00fc\u015fteri<\/strong><\/h3><\/div><\/div><\/div>\n<\/div>\n<\/div>\n<\/div><\/div>\n\n\n\n<div class=\"wp-block-uagb-container uagb-block-ea4e3750 alignfull uagb-is-root-container\"><div class=\"uagb-container-inner-blocks-wrap\">\n<div class=\"wp-block-uagb-container uagb-block-05035e44\">\n<div class=\"wp-block-uagb-advanced-heading uagb-block-bb0862d0\"><div class=\"uagb-separator\"><\/div><h2 class=\"uagb-heading-text\"><strong>Bulut hizmetleri konusunda yard\u0131ma m\u0131 ihtiyac\u0131n\u0131z var?<\/strong><\/h2><p class=\"uagb-desc-text\">Uzman ekibimizle ileti\u015fime ge\u00e7ebilirsiniz.<\/p><\/div>\n\n\n\n<div class=\"wp-block-uagb-buttons uagb-buttons__outer-wrap uagb-btn__default-btn uagb-btn-tablet__default-btn uagb-btn-mobile__default-btn uagb-block-fdde0208\"><div class=\"uagb-buttons__wrap uagb-buttons-layout-wrap\">\n<div class=\"wp-block-uagb-buttons-child uagb-buttons__outer-wrap uagb-block-35145bfc wp-block-button\"><div class=\"uagb-button__wrapper\"><a class=\"uagb-buttons-repeater wp-block-button__link\" aria-label=\"\" href=\"\/en\/iletisim\/\" rel=\"follow noopener\" target=\"_self\" role=\"button\"><div class=\"uagb-button__link\">Bize Ula\u015f\u0131n<\/div><\/a><\/div><\/div>\n<\/div><\/div>\n<\/div>\n<\/div><\/div>\n\n\n\n<p><\/p>","protected":false},"excerpt":{"rendered":"<p>Hakk\u0131m\u0131zda 15+ y\u0131ll\u0131k sekt\u00f6r tecr\u00fcbemiz, uluslararas\u0131 proje deneyimlerimiz, tecr\u00fcbeli ve Huawei Cloud sertifikal\u0131 ekibimizle, sizin i\u00e7in bulut teknolojisini ve inovasyonu kolayla\u015ft\u0131r\u0131yoruz.<\/p>","protected":false},"author":1,"featured_media":0,"parent":0,"menu_order":0,"comment_status":"closed","ping_status":"closed","template":"","meta":{"content-type":"","_uag_custom_page_level_css":"","site-sidebar-layout":"default","site-content-layout":"page-builder","ast-site-content-layout":"full-width-container","site-content-style":"unboxed","site-sidebar-style":"unboxed","ast-global-header-display":"","ast-banner-title-visibility":"","ast-main-header-display":"","ast-hfb-above-header-display":"","ast-hfb-below-header-display":"","ast-hfb-mobile-header-display":"","site-post-title":"disabled","ast-breadcrumbs-content":"disabled","ast-featured-img":"","footer-sml-layout":"","ast-disable-related-posts":"","theme-transparent-header-meta":"disabled","adv-header-id-meta":"","stick-header-meta":"","header-above-stick-meta":"","header-main-stick-meta":"","header-below-stick-meta":"","astra-migrate-meta-layouts":"set","ast-page-background-enabled":"default","ast-page-background-meta":{"desktop":{"background-color":"","background-image":"","background-repeat":"repeat","background-position":"center center","background-size":"auto","background-attachment":"scroll","background-type":"","background-media":"","overlay-type":"","overlay-color":"","overlay-opacity":"","overlay-gradient":""},"tablet":{"background-color":"","background-image":"","background-repeat":"repeat","background-position":"center center","background-size":"auto","background-attachment":"scroll","background-type":"","background-media":"","overlay-type":"","overlay-color":"","overlay-opacity":"","overlay-gradient":""},"mobile":{"background-color":"","background-image":"","background-repeat":"repeat","background-position":"center center","background-size":"auto","background-attachment":"scroll","background-type":"","background-media":"","overlay-type":"","overlay-color":"","overlay-opacity":"","overlay-gradient":""}},"ast-content-background-meta":{"desktop":{"background-color":"var(--ast-global-color-5)","background-image":"","background-repeat":"repeat","background-position":"center center","background-size":"auto","background-attachment":"scroll","background-type":"","background-media":"","overlay-type":"","overlay-color":"","overlay-opacity":"","overlay-gradient":""},"tablet":{"background-color":"var(--ast-global-color-5)","background-image":"","background-repeat":"repeat","background-position":"center center","background-size":"auto","background-attachment":"scroll","background-type":"","background-media":"","overlay-type":"","overlay-color":"","overlay-opacity":"","overlay-gradient":""},"mobile":{"background-color":"var(--ast-global-color-5)","background-image":"","background-repeat":"repeat","background-position":"center center","background-size":"auto","background-attachment":"scroll","background-type":"","background-media":"","overlay-type":"","overlay-color":"","overlay-opacity":"","overlay-gradient":""}},"footnotes":""},"class_list":["post-1504","page","type-page","status-publish","hentry"],"uagb_featured_image_src":{"full":false,"thumbnail":false,"medium":false,"medium_large":false,"large":false,"1536x1536":false,"2048x2048":false,"trp-custom-language-flag":false,"jetpack-portfolio-admin-thumb":false},"uagb_author_info":{"display_name":"UserName LastName","author_link":"https:\/\/cloudops.com.tr\/en\/author\/user\/"},"uagb_comment_info":0,"uagb_excerpt":"Hakk\u0131m\u0131zda 15+ y\u0131ll\u0131k sekt\u00f6r tecr\u00fcbemiz, uluslararas\u0131 proje deneyimlerimiz, tecr\u00fcbeli ve Huawei Cloud sertifikal\u0131 ekibimizle, sizin i\u00e7in bulut teknolojisini ve inovasyonu kolayla\u015ft\u0131r\u0131yoruz.","jetpack_sharing_enabled":true,"_links":{"self":[{"href":"https:\/\/cloudops.com.tr\/en\/wp-json\/wp\/v2\/pages\/1504","targetHints":{"allow":["GET"]}}],"collection":[{"href":"https:\/\/cloudops.com.tr\/en\/wp-json\/wp\/v2\/pages"}],"about":[{"href":"https:\/\/cloudops.com.tr\/en\/wp-json\/wp\/v2\/types\/page"}],"author":[{"embeddable":true,"href":"https:\/\/cloudops.com.tr\/en\/wp-json\/wp\/v2\/users\/1"}],"replies":[{"embeddable":true,"href":"https:\/\/cloudops.com.tr\/en\/wp-json\/wp\/v2\/comments?post=1504"}],"version-history":[{"count":47,"href":"https:\/\/cloudops.com.tr\/en\/wp-json\/wp\/v2\/pages\/1504\/revisions"}],"predecessor-version":[{"id":3689,"href":"https:\/\/cloudops.com.tr\/en\/wp-json\/wp\/v2\/pages\/1504\/revisions\/3689"}],"wp:attachment":[{"href":"https:\/\/cloudops.com.tr\/en\/wp-json\/wp\/v2\/media?parent=1504"}],"curies":[{"name":"wp","href":"https:\/\/api.w.org\/{rel}","templated":true}]}}